{"id":24,"date":"2025-10-22T19:27:26","date_gmt":"2025-10-22T19:27:26","guid":{"rendered":"https:\/\/montex.si\/?page_id=24"},"modified":"2026-02-20T10:11:30","modified_gmt":"2026-02-20T10:11:30","slug":"1-2","status":"publish","type":"page","link":"https:\/\/montex.si\/","title":{"rendered":"1"},"content":{"rendered":"\t\t<div data-elementor-type=\"wp-page\" data-elementor-id=\"24\" class=\"elementor elementor-24\" data-elementor-post-type=\"page\">\n\t\t\t\t<div class=\"elementor-element elementor-element-a266e41 e-flex e-con-boxed e-con e-parent\" data-id=\"a266e41\" data-element_type=\"container\" data-settings=\"{&quot;background_background&quot;:&quot;classic&quot;}\">\n\t\t\t\t\t<div class=\"e-con-inner\">\n\t\t\t\t<div class=\"elementor-element elementor-element-f1b92d6 elementor-widget elementor-widget-heading\" data-id=\"f1b92d6\" data-element_type=\"widget\" data-widget_type=\"heading.default\">\n\t\t\t\t\t<h1 class=\"elementor-heading-title elementor-size-default\">SMO PODJETJE, KI SE POLEG IZPOSOJE ORODJA,UKVARJA TUDI Z RAZLI\u010cNIMI GRADBENIMI IN VZDR\u017dEVALNIMI DELI.<\/h1>\t\t\t\t<\/div>\n\t\t\t\t\t<\/div>\n\t\t\t\t<\/div>\n\t\t\t\t<section class=\"elementor-section elementor-top-section elementor-element elementor-element-31cac53b elementor-section-boxed elementor-section-height-default elementor-section-height-default\" data-id=\"31cac53b\" data-element_type=\"section\" data-settings=\"{&quot;background_background&quot;:&quot;classic&quot;}\">\n\t\t\t\t\t\t\t<div class=\"elementor-background-overlay\"><\/div>\n\t\t\t\t\t\t\t<div class=\"elementor-container elementor-column-gap-default\">\n\t\t\t\t\t<div class=\"elementor-column elementor-col-100 elementor-top-column elementor-element elementor-element-bb58e1c\" data-id=\"bb58e1c\" data-element_type=\"column\">\n\t\t\t<div class=\"elementor-widget-wrap elementor-element-populated\">\n\t\t\t\t\t\t<div class=\"elementor-element elementor-element-69cf1048 elementor-widget elementor-widget-spacer\" data-id=\"69cf1048\" data-element_type=\"widget\" data-widget_type=\"spacer.default\">\n\t\t\t\t\t\t\t<div class=\"elementor-spacer\">\n\t\t\t<div class=\"elementor-spacer-inner\"><\/div>\n\t\t<\/div>\n\t\t\t\t\t\t<\/div>\n\t\t\t\t<div class=\"elementor-element elementor-element-344f799c elementor-widget elementor-widget-heading\" data-id=\"344f799c\" data-element_type=\"widget\" data-widget_type=\"heading.default\">\n\t\t\t\t\t<h2 class=\"elementor-heading-title elementor-size-default\">-Suhomonta\u017eni sistemi, napu\u0161\u010di in  slikopleskarska dela<\/h2>\t\t\t\t<\/div>\n\t\t\t\t<div class=\"elementor-element elementor-element-4051f9a4 elementor-widget elementor-widget-heading\" data-id=\"4051f9a4\" data-element_type=\"widget\" data-widget_type=\"heading.default\">\n\t\t\t\t\t<h2 class=\"elementor-heading-title elementor-size-default\">-In\u0161talacijska dela (elektrika,vodovod,prezra\u010devanje,)<\/h2>\t\t\t\t<\/div>\n\t\t\t\t<div class=\"elementor-element elementor-element-638101af elementor-widget elementor-widget-heading\" data-id=\"638101af\" data-element_type=\"widget\" data-widget_type=\"heading.default\">\n\t\t\t\t\t<h2 class=\"elementor-heading-title elementor-size-default\">-Polaganje talnih oblog in kerami\u010darska dela<\/h2>\t\t\t\t<\/div>\n\t\t\t\t<div class=\"elementor-element elementor-element-6f006b81 elementor-widget elementor-widget-heading\" data-id=\"6f006b81\" data-element_type=\"widget\" data-widget_type=\"heading.default\">\n\t\t\t\t\t<h2 class=\"elementor-heading-title elementor-size-default\">-Monta\u017ena dela<\/h2>\t\t\t\t<\/div>\n\t\t\t\t<div class=\"elementor-element elementor-element-5f173f1a elementor-widget elementor-widget-heading\" data-id=\"5f173f1a\" data-element_type=\"widget\" data-widget_type=\"heading.default\">\n\t\t\t\t\t<h2 class=\"elementor-heading-title elementor-size-default\">-Dijamantno kronsko vrtanje<\/h2>\t\t\t\t<\/div>\n\t\t\t\t<div class=\"elementor-element elementor-element-52ca0e40 elementor-widget elementor-widget-heading\" data-id=\"52ca0e40\" data-element_type=\"widget\" data-widget_type=\"heading.default\">\n\t\t\t\t\t<h2 class=\"elementor-heading-title elementor-size-default\">-Termografija: toplotni mostovi,vlaga<\/h2>\t\t\t\t<\/div>\n\t\t\t\t<div class=\"elementor-element elementor-element-4e5b6cec elementor-widget elementor-widget-heading\" data-id=\"4e5b6cec\" data-element_type=\"widget\" data-widget_type=\"heading.default\">\n\t\t\t\t\t<h2 class=\"elementor-heading-title elementor-size-default\">-Vzdr\u017eevalna in hi\u0161nikarska del<\/h2>\t\t\t\t<\/div>\n\t\t\t\t\t<\/div>\n\t\t<\/div>\n\t\t\t\t\t<\/div>\n\t\t<\/section>\n\t\t<div class=\"elementor-element elementor-element-9b20ca9 e-flex e-con-boxed e-con e-parent\" data-id=\"9b20ca9\" data-element_type=\"container\">\n\t\t\t\t\t<div class=\"e-con-inner\">\n\t\t<div class=\"elementor-element elementor-element-f5f4bc6 e-con-full e-flex e-con e-child\" data-id=\"f5f4bc6\" data-element_type=\"container\">\n\t\t\t\t<div class=\"elementor-element elementor-element-eedceb2 elementor-view-default elementor-widget elementor-widget-icon\" data-id=\"eedceb2\" data-element_type=\"widget\" data-widget_type=\"icon.default\">\n\t\t\t\t\t\t\t<div class=\"elementor-icon-wrapper\">\n\t\t\t<div class=\"elementor-icon\">\n\t\t\t<svg aria-hidden=\"true\" class=\"e-font-icon-svg e-fab-facebook\" viewBox=\"0 0 512 512\" xmlns=\"http:\/\/www.w3.org\/2000\/svg\"><path d=\"M504 256C504 119 393 8 256 8S8 119 8 256c0 123.78 90.69 226.38 209.25 245V327.69h-63V256h63v-54.64c0-62.15 37-96.48 93.67-96.48 27.14 0 55.52 4.84 55.52 4.84v61h-31.28c-30.8 0-40.41 19.12-40.41 38.73V256h68.78l-11 71.69h-57.78V501C413.31 482.38 504 379.78 504 256z\"><\/path><\/svg>\t\t\t<\/div>\n\t\t<\/div>\n\t\t\t\t\t\t<\/div>\n\t\t\t\t<\/div>\n\t\t<div class=\"elementor-element elementor-element-a77d259 e-con-full e-flex e-con e-child\" data-id=\"a77d259\" data-element_type=\"container\">\n\t\t\t\t<div class=\"elementor-element elementor-element-2146cef elementor-view-default elementor-widget elementor-widget-icon\" data-id=\"2146cef\" data-element_type=\"widget\" data-widget_type=\"icon.default\">\n\t\t\t\t\t\t\t<div class=\"elementor-icon-wrapper\">\n\t\t\t<div class=\"elementor-icon\">\n\t\t\t<svg aria-hidden=\"true\" class=\"e-font-icon-svg e-fab-instagram\" viewBox=\"0 0 448 512\" xmlns=\"http:\/\/www.w3.org\/2000\/svg\"><path d=\"M224.1 141c-63.6 0-114.9 51.3-114.9 114.9s51.3 114.9 114.9 114.9S339 319.5 339 255.9 287.7 141 224.1 141zm0 189.6c-41.1 0-74.7-33.5-74.7-74.7s33.5-74.7 74.7-74.7 74.7 33.5 74.7 74.7-33.6 74.7-74.7 74.7zm146.4-194.3c0 14.9-12 26.8-26.8 26.8-14.9 0-26.8-12-26.8-26.8s12-26.8 26.8-26.8 26.8 12 26.8 26.8zm76.1 27.2c-1.7-35.9-9.9-67.7-36.2-93.9-26.2-26.2-58-34.4-93.9-36.2-37-2.1-147.9-2.1-184.9 0-35.8 1.7-67.6 9.9-93.9 36.1s-34.4 58-36.2 93.9c-2.1 37-2.1 147.9 0 184.9 1.7 35.9 9.9 67.7 36.2 93.9s58 34.4 93.9 36.2c37 2.1 147.9 2.1 184.9 0 35.9-1.7 67.7-9.9 93.9-36.2 26.2-26.2 34.4-58 36.2-93.9 2.1-37 2.1-147.8 0-184.8zM398.8 388c-7.8 19.6-22.9 34.7-42.6 42.6-29.5 11.7-99.5 9-132.1 9s-102.7 2.6-132.1-9c-19.6-7.8-34.7-22.9-42.6-42.6-11.7-29.5-9-99.5-9-132.1s-2.6-102.7 9-132.1c7.8-19.6 22.9-34.7 42.6-42.6 29.5-11.7 99.5-9 132.1-9s102.7-2.6 132.1 9c19.6 7.8 34.7 22.9 42.6 42.6 11.7 29.5 9 99.5 9 132.1s2.7 102.7-9 132.1z\"><\/path><\/svg>\t\t\t<\/div>\n\t\t<\/div>\n\t\t\t\t\t\t<\/div>\n\t\t\t\t<\/div>\n\t\t<div class=\"elementor-element elementor-element-d46e470 e-con-full e-flex e-con e-child\" data-id=\"d46e470\" data-element_type=\"container\">\n\t\t\t\t<div class=\"elementor-element elementor-element-8dedb7b elementor-view-default elementor-widget elementor-widget-icon\" data-id=\"8dedb7b\" data-element_type=\"widget\" data-widget_type=\"icon.default\">\n\t\t\t\t\t\t\t<div class=\"elementor-icon-wrapper\">\n\t\t\t<div class=\"elementor-icon\">\n\t\t\t<svg aria-hidden=\"true\" class=\"e-font-icon-svg e-fab-tiktok\" viewBox=\"0 0 448 512\" xmlns=\"http:\/\/www.w3.org\/2000\/svg\"><path d=\"M448,209.91a210.06,210.06,0,0,1-122.77-39.25V349.38A162.55,162.55,0,1,1,185,188.31V278.2a74.62,74.62,0,1,0,52.23,71.18V0l88,0a121.18,121.18,0,0,0,1.86,22.17h0A122.18,122.18,0,0,0,381,102.39a121.43,121.43,0,0,0,67,20.14Z\"><\/path><\/svg>\t\t\t<\/div>\n\t\t<\/div>\n\t\t\t\t\t\t<\/div>\n\t\t\t\t<\/div>\n\t\t\t\t\t<\/div>\n\t\t\t\t<\/div>\n\t\t<div class=\"elementor-element elementor-element-66c5c82 e-flex e-con-boxed e-con e-parent\" data-id=\"66c5c82\" data-element_type=\"container\" data-settings=\"{&quot;background_background&quot;:&quot;classic&quot;}\">\n\t\t\t\t\t<div class=\"e-con-inner\">\n\t\t<div class=\"elementor-element elementor-element-038da4c e-con-full e-flex e-con e-child\" data-id=\"038da4c\" data-element_type=\"container\">\n\t\t\t\t<div class=\"elementor-element elementor-element-16f2ad8 elementor-widget elementor-widget-spacer\" data-id=\"16f2ad8\" data-element_type=\"widget\" data-widget_type=\"spacer.default\">\n\t\t\t\t\t\t\t<div class=\"elementor-spacer\">\n\t\t\t<div class=\"elementor-spacer-inner\"><\/div>\n\t\t<\/div>\n\t\t\t\t\t\t<\/div>\n\t\t\t\t<div class=\"elementor-element elementor-element-4a9087d elementor-widget elementor-widget-heading\" data-id=\"4a9087d\" data-element_type=\"widget\" data-widget_type=\"heading.default\">\n\t\t\t\t\t<h2 class=\"elementor-heading-title elementor-size-default\">SUHOMONTA\u017dNA GRADNJA IN SLIKOPLESKARSKA DELA<\/h2>\t\t\t\t<\/div>\n\t\t\t\t<div class=\"elementor-element elementor-element-a1ebb61 elementor-widget elementor-widget-text-editor\" data-id=\"a1ebb61\" data-element_type=\"widget\" data-widget_type=\"text-editor.default\">\n\t\t\t\t\t\t\t\t\t<h3>-knauf predelne stene in obloge<\/h3>\t\t\t\t\t\t\t\t<\/div>\n\t\t\t\t<div class=\"elementor-element elementor-element-4954e7f elementor-widget elementor-widget-text-editor\" data-id=\"4954e7f\" data-element_type=\"widget\" data-widget_type=\"text-editor.default\">\n\t\t\t\t\t\t\t\t\t<h3>-armstrong spu\u0161\u010deni stropi<\/h3>\t\t\t\t\t\t\t\t<\/div>\n\t\t\t\t<div class=\"elementor-element elementor-element-f0eaec9 elementor-widget elementor-widget-text-editor\" data-id=\"f0eaec9\" data-element_type=\"widget\" data-widget_type=\"text-editor.default\">\n\t\t\t\t\t\t\t\t\t<h3>-akusti\u010dne predelne stene in obloge<\/h3>\t\t\t\t\t\t\t\t<\/div>\n\t\t\t\t<\/div>\n\t\t<div class=\"elementor-element elementor-element-54beea6 e-con-full e-flex e-con e-child\" data-id=\"54beea6\" data-element_type=\"container\">\n\t\t\t\t<div class=\"elementor-element elementor-element-0bfc333 elementor-widget elementor-widget-image\" data-id=\"0bfc333\" data-element_type=\"widget\" data-widget_type=\"image.default\">\n\t\t\t\t\t\t\t\t\t\t\t\t\t\t\t<img fetchpriority=\"high\" decoding=\"async\" width=\"800\" height=\"360\" src=\"https:\/\/montex.si\/wp-content\/uploads\/2026\/02\/20220209_150837-1024x461-1.jpg\" class=\"attachment-large size-large wp-image-107\" alt=\"\" srcset=\"https:\/\/montex.si\/wp-content\/uploads\/2026\/02\/20220209_150837-1024x461-1.jpg 1024w, https:\/\/montex.si\/wp-content\/uploads\/2026\/02\/20220209_150837-1024x461-1-300x135.jpg 300w, https:\/\/montex.si\/wp-content\/uploads\/2026\/02\/20220209_150837-1024x461-1-768x346.jpg 768w\" sizes=\"(max-width: 800px) 100vw, 800px\" \/>\t\t\t\t\t\t\t\t\t\t\t\t\t\t\t<\/div>\n\t\t\t\t<div class=\"elementor-element elementor-element-7e9ca97 elementor-widget elementor-widget-image\" data-id=\"7e9ca97\" data-element_type=\"widget\" data-widget_type=\"image.default\">\n\t\t\t\t\t\t\t\t\t\t\t\t\t\t\t<img decoding=\"async\" width=\"800\" height=\"360\" src=\"https:\/\/montex.si\/wp-content\/uploads\/2026\/02\/20220219_093017-1024x461-1.jpg\" class=\"attachment-large size-large wp-image-108\" alt=\"\" srcset=\"https:\/\/montex.si\/wp-content\/uploads\/2026\/02\/20220219_093017-1024x461-1.jpg 1024w, https:\/\/montex.si\/wp-content\/uploads\/2026\/02\/20220219_093017-1024x461-1-300x135.jpg 300w, https:\/\/montex.si\/wp-content\/uploads\/2026\/02\/20220219_093017-1024x461-1-768x346.jpg 768w\" sizes=\"(max-width: 800px) 100vw, 800px\" \/>\t\t\t\t\t\t\t\t\t\t\t\t\t\t\t<\/div>\n\t\t\t\t<div class=\"elementor-element elementor-element-94d17f8 elementor-widget elementor-widget-image\" data-id=\"94d17f8\" data-element_type=\"widget\" data-widget_type=\"image.default\">\n\t\t\t\t\t\t\t\t\t\t\t\t\t\t\t<img decoding=\"async\" width=\"800\" height=\"360\" src=\"https:\/\/montex.si\/wp-content\/uploads\/2026\/02\/20220624_165521-1024x461-1.jpg\" class=\"attachment-large size-large wp-image-109\" alt=\"\" srcset=\"https:\/\/montex.si\/wp-content\/uploads\/2026\/02\/20220624_165521-1024x461-1.jpg 1024w, https:\/\/montex.si\/wp-content\/uploads\/2026\/02\/20220624_165521-1024x461-1-300x135.jpg 300w, https:\/\/montex.si\/wp-content\/uploads\/2026\/02\/20220624_165521-1024x461-1-768x346.jpg 768w\" sizes=\"(max-width: 800px) 100vw, 800px\" \/>\t\t\t\t\t\t\t\t\t\t\t\t\t\t\t<\/div>\n\t\t\t\t<\/div>\n\t\t\t\t\t<\/div>\n\t\t\t\t<\/div>\n\t\t\t\t<\/div>\n\t\t","protected":false},"excerpt":{"rendered":"<p>SMO PODJETJE, KI SE POLEG IZPOSOJE ORODJA,UKVARJA TUDI Z RAZLI\u010cNIMI GRADBENIMI IN VZDR\u017dEVALNIMI DELI. -Suhomonta\u017eni sistemi, napu\u0161\u010di in slikopleskarska dela -In\u0161talacijska dela (elektrika,vodovod,prezra\u010devanje,) -Polaganje talnih oblog in kerami\u010darska dela -Monta\u017ena dela -Dijamantno kronsko vrtanje -Termografija: toplotni mostovi,vlaga -Vzdr\u017eevalna in hi\u0161nikarska del SUHOMONTA\u017dNA GRADNJA IN SLIKOPLESKARSKA DELA -knauf predelne stene in obloge -armstrong spu\u0161\u010deni stropi -akusti\u010dne [&hellip;]<\/p>\n","protected":false},"author":1,"featured_media":0,"parent":0,"menu_order":0,"comment_status":"closed","ping_status":"closed","template":"","meta":{"_monsterinsights_skip_tracking":false,"_monsterinsights_sitenote_active":false,"_monsterinsights_sitenote_note":"","_monsterinsights_sitenote_category":0,"footnotes":""},"class_list":["post-24","page","type-page","status-publish","hentry"],"_links":{"self":[{"href":"https:\/\/montex.si\/index.php?rest_route=\/wp\/v2\/pages\/24","targetHints":{"allow":["GET"]}}],"collection":[{"href":"https:\/\/montex.si\/index.php?rest_route=\/wp\/v2\/pages"}],"about":[{"href":"https:\/\/montex.si\/index.php?rest_route=\/wp\/v2\/types\/page"}],"author":[{"embeddable":true,"href":"https:\/\/montex.si\/index.php?rest_route=\/wp\/v2\/users\/1"}],"replies":[{"embeddable":true,"href":"https:\/\/montex.si\/index.php?rest_route=%2Fwp%2Fv2%2Fcomments&post=24"}],"version-history":[{"count":30,"href":"https:\/\/montex.si\/index.php?rest_route=\/wp\/v2\/pages\/24\/revisions"}],"predecessor-version":[{"id":113,"href":"https:\/\/montex.si\/index.php?rest_route=\/wp\/v2\/pages\/24\/revisions\/113"}],"wp:attachment":[{"href":"https:\/\/montex.si\/index.php?rest_route=%2Fwp%2Fv2%2Fmedia&parent=24"}],"curies":[{"name":"wp","href":"https:\/\/api.w.org\/{rel}","templated":true}]}}